{"id":5591,"date":"2025-03-04T23:05:38","date_gmt":"2025-03-04T22:05:38","guid":{"rendered":"https:\/\/gestoriahurtado.cat?post_type=product&#038;p=5591"},"modified":"2025-03-11T23:49:15","modified_gmt":"2025-03-11T22:49:15","slug":"duplicado-del-permiso-de-circulacion","status":"publish","type":"product","link":"https:\/\/gestoriahurtado.cat\/ca\/producte\/duplicado-del-permiso-de-circulacion\/","title":{"rendered":"Duplicat del Perm\u00eds de Circulaci\u00f3"},"content":{"rendered":"<p>Duplicado del permiso de circulaci\u00f3n<\/p>","protected":false},"excerpt":{"rendered":"<p>Duplicado del permiso de circulaci\u00f3n<\/p>","protected":false},"featured_media":5593,"comment_status":"open","ping_status":"closed","template":"","meta":[],"product_brand":[],"product_cat":[121872],"product_tag":[],"class_list":{"0":"post-5591","1":"product","2":"type-product","3":"status-publish","4":"has-post-thumbnail","6":"product_cat-tramites-dgt-online","7":"","8":"woocommerce-text-align-center","9":"woocommerce-image-align-center","10":"do-quantity-buttons","12":"first","13":"instock","14":"virtual","15":"purchasable","16":"product-type-simple"},"jetpack_publicize_connections":[],"_links":{"self":[{"href":"https:\/\/gestoriahurtado.cat\/ca\/wp-json\/wp\/v2\/product\/5591","targetHints":{"allow":["GET"]}}],"collection":[{"href":"https:\/\/gestoriahurtado.cat\/ca\/wp-json\/wp\/v2\/product"}],"about":[{"href":"https:\/\/gestoriahurtado.cat\/ca\/wp-json\/wp\/v2\/types\/product"}],"replies":[{"embeddable":true,"href":"https:\/\/gestoriahurtado.cat\/ca\/wp-json\/wp\/v2\/comments?post=5591"}],"wp:featuredmedia":[{"embeddable":true,"href":"https:\/\/gestoriahurtado.cat\/ca\/wp-json\/wp\/v2\/media\/5593"}],"wp:attachment":[{"href":"https:\/\/gestoriahurtado.cat\/ca\/wp-json\/wp\/v2\/media?parent=5591"}],"wp:term":[{"taxonomy":"product_brand","embeddable":true,"href":"https:\/\/gestoriahurtado.cat\/ca\/wp-json\/wp\/v2\/product_brand?post=5591"},{"taxonomy":"product_cat","embeddable":true,"href":"https:\/\/gestoriahurtado.cat\/ca\/wp-json\/wp\/v2\/product_cat?post=5591"},{"taxonomy":"product_tag","embeddable":true,"href":"https:\/\/gestoriahurtado.cat\/ca\/wp-json\/wp\/v2\/product_tag?post=5591"}],"curies":[{"name":"wp","href":"https:\/\/api.w.org\/{rel}","templated":true}]}}