{"id":5589,"date":"2025-03-04T23:04:24","date_gmt":"2025-03-04T22:04:24","guid":{"rendered":"https:\/\/gestoriahurtado.cat?post_type=product&#038;p=5589"},"modified":"2025-03-16T21:35:24","modified_gmt":"2025-03-16T20:35:24","slug":"distintivo-medioambiental","status":"publish","type":"product","link":"https:\/\/gestoriahurtado.cat\/ca\/producte\/distintivo-medioambiental\/","title":{"rendered":"Distintiu Mediambiental"},"content":{"rendered":"<p>Existen 4 tipos diferentes de distintivos ambientales, cada uno clasifica al veh\u00edculo dependiendo del impacto que tiene con el medio ambiente. La finalidad es discriminar positivamente a los veh\u00edculos m\u00e1s respetuosos con el medio ambiente, y ser un instrumento eficaz al servicio de las pol\u00edticas municipales, tanto restrictivas de tr\u00e1fico en episodios de alta contaminaci\u00f3n, como de promoci\u00f3n de nuevas tecnolog\u00edas a trav\u00e9s de beneficios fiscales o relativos a la movilidad y el medio ambiente. En algunas ciudades ya se est\u00e1 utilizando este distintivo a la hora de restringir el tr\u00e1fico en los d\u00edas de mayor contaminaci\u00f3n, prohibiendo la circulaci\u00f3n a los veh\u00edculos que carecen de \u00e9l. Los distintivos, de mayor a menor eficiencia, ser\u00edan:<\/p>\n<p><img loading=\"lazy\" decoding=\"async\" class=\"size-medium wp-image-5448 aligncenter\" src=\"https:\/\/gestoriahurtado.catwp-content\/uploads\/2025\/02\/Tramites-DistintivoAmbiental-I-300x95.png\" alt=\"\" width=\"300\" height=\"95\" srcset=\"https:\/\/gestoriahurtado.cat\/wp-content\/uploads\/2025\/02\/Tramites-DistintivoAmbiental-I-300x95.png 300w, https:\/\/gestoriahurtado.cat\/wp-content\/uploads\/2025\/02\/Tramites-DistintivoAmbiental-I-768x242.png 768w, https:\/\/gestoriahurtado.cat\/wp-content\/uploads\/2025\/02\/Tramites-DistintivoAmbiental-I-18x6.png 18w, https:\/\/gestoriahurtado.cat\/wp-content\/uploads\/2025\/02\/Tramites-DistintivoAmbiental-I-600x189.png 600w, https:\/\/gestoriahurtado.cat\/wp-content\/uploads\/2025\/02\/Tramites-DistintivoAmbiental-I.png 1024w\" sizes=\"auto, (max-width: 300px) 100vw, 300px\" \/><\/p>\n<p><strong>Distintivo cero emisiones (Azul)<\/strong>. Los veh\u00edculos m\u00e1s eficientes, tendr\u00e1n derecho a esta etiqueta: El\u00e9ctricos de bater\u00eda (BEV), el\u00e9ctricos de autonom\u00eda extendida (REEV), el\u00e9ctricos h\u00edbridos enchufables (PHEV) con una autonom\u00eda de 40 km o veh\u00edculos de pila de combustible.<\/p>\n<p><img loading=\"lazy\" decoding=\"async\" class=\"alignnone wp-image-5609\" src=\"https:\/\/gestoriahurtado.catwp-content\/uploads\/2025\/03\/Tramites-DistintivoAmbiental-Azul-300x300.png?crop=1\" alt=\"\" width=\"250\" height=\"250\" srcset=\"https:\/\/gestoriahurtado.cat\/wp-content\/uploads\/2025\/03\/Tramites-DistintivoAmbiental-Azul-300x300.png 300w, https:\/\/gestoriahurtado.cat\/wp-content\/uploads\/2025\/03\/Tramites-DistintivoAmbiental-Azul-150x150.png 150w, https:\/\/gestoriahurtado.cat\/wp-content\/uploads\/2025\/03\/Tramites-DistintivoAmbiental-Azul-12x12.png 12w, https:\/\/gestoriahurtado.cat\/wp-content\/uploads\/2025\/03\/Tramites-DistintivoAmbiental-Azul-100x100.png 100w, https:\/\/gestoriahurtado.cat\/wp-content\/uploads\/2025\/03\/Tramites-DistintivoAmbiental-Azul.png 500w\" sizes=\"auto, (max-width: 250px) 100vw, 250px\" \/><\/p>\n<p><strong>Distintivo eco (Verde y azul)<\/strong>. En el siguiente escal\u00f3n de mayor eficiencia, se trata en su mayor\u00eda de veh\u00edculos h\u00edbridos, gas o ambos. Tendr\u00e1n derecho a esta etiqueta: veh\u00edculos h\u00edbridos enchufables con autonom\u00eda inferior a 40km, h\u00edbridos no enchufables (HEV), veh\u00edculos propulsados por gas natural y gas (GNC y GNL) o gas licuado del petr\u00f3leo (GLP).<\/p>\n<p><img loading=\"lazy\" decoding=\"async\" class=\"alignnone wp-image-5612\" src=\"https:\/\/gestoriahurtado.catwp-content\/uploads\/2025\/03\/Tramites-DistintivoAmbiental-Verde-Azul-300x300.png?crop=1\" alt=\"\" width=\"251\" height=\"251\" srcset=\"https:\/\/gestoriahurtado.cat\/wp-content\/uploads\/2025\/03\/Tramites-DistintivoAmbiental-Verde-Azul-300x300.png 300w, https:\/\/gestoriahurtado.cat\/wp-content\/uploads\/2025\/03\/Tramites-DistintivoAmbiental-Verde-Azul-150x150.png 150w, https:\/\/gestoriahurtado.cat\/wp-content\/uploads\/2025\/03\/Tramites-DistintivoAmbiental-Verde-Azul-12x12.png 12w, https:\/\/gestoriahurtado.cat\/wp-content\/uploads\/2025\/03\/Tramites-DistintivoAmbiental-Verde-Azul-100x100.png 100w, https:\/\/gestoriahurtado.cat\/wp-content\/uploads\/2025\/03\/Tramites-DistintivoAmbiental-Verde-Azul.png 500w\" sizes=\"auto, (max-width: 251px) 100vw, 251px\" \/><\/p>\n<p><strong>Distintivo C (Verde).<\/strong> Veh\u00edculos de combusti\u00f3n interna que cumplan con las \u00faltimas emisiones EURO. Tendr\u00e1n derecho a esta etiqueta: Turismos y furgonetas ligeras de gasolina matriculadas a partir de enero de 2006 y di\u00e9sel a partir de septiembre de 2015. Veh\u00edculos de m\u00e1s de 8 plazas, excluido el conductor, y pesados tanto de gasolina como di\u00e9sel, matriculados desde 2014.<\/p>\n<p><img loading=\"lazy\" decoding=\"async\" class=\"alignnone wp-image-5611\" src=\"https:\/\/gestoriahurtado.catwp-content\/uploads\/2025\/03\/Tramites-DistintivoAmbiental-Verde-300x300.png?crop=1\" alt=\"\" width=\"250\" height=\"244\" \/><\/p>\n<p><strong>Distintivo B (Amarillo).<\/strong> Veh\u00edculos de combusti\u00f3n interna que si bien no cumplen con las \u00faltimas especificaciones de las emisiones EURO, s\u00ed que lo hacen con las anteriores. Tendr\u00e1n derecho a esta etiqueta: turismos y furgonetas ligeras de gasolina matriculadas a partir de enero de 2001, turismos y furgonetas ligeras di\u00e9sel matriculadas a partir de enero de 2006, veh\u00edculos de m\u00e1s de 8 plazas y pesados, tanto de gasolina como di\u00e9sel, matriculados a partir de 2006<\/p>\n<p><img loading=\"lazy\" decoding=\"async\" class=\"alignnone wp-image-5613\" src=\"https:\/\/gestoriahurtado.catwp-content\/uploads\/2025\/03\/Tramites-DistintivoAmbiental-Amarillo-300x300.png?crop=1\" alt=\"\" width=\"250\" height=\"250\" srcset=\"https:\/\/gestoriahurtado.cat\/wp-content\/uploads\/2025\/03\/Tramites-DistintivoAmbiental-Amarillo-300x300.png 300w, https:\/\/gestoriahurtado.cat\/wp-content\/uploads\/2025\/03\/Tramites-DistintivoAmbiental-Amarillo-150x150.png 150w, https:\/\/gestoriahurtado.cat\/wp-content\/uploads\/2025\/03\/Tramites-DistintivoAmbiental-Amarillo-12x12.png 12w, https:\/\/gestoriahurtado.cat\/wp-content\/uploads\/2025\/03\/Tramites-DistintivoAmbiental-Amarillo-100x100.png 100w, https:\/\/gestoriahurtado.cat\/wp-content\/uploads\/2025\/03\/Tramites-DistintivoAmbiental-Amarillo.png 500w\" sizes=\"auto, (max-width: 250px) 100vw, 250px\" \/><\/p>\n<p>Nosotros gestionamos el tr\u00e1mite por ti. En Gestor\u00eda Hurtado, te atendemos, preparamos toda la documentaci\u00f3n y solucionamos cualquier duda relacionada con la solicitud y compra del distintivo medioambiental. No vas a tener que desplazarte de forma presencial a ninguna oficina f\u00edsica de tr\u00e1fico. Puedes realizar el tr\u00e1mite de forma online.<\/p>\n<p><strong>Documentaci\u00f3n requerida para la solicitud del distintivo medioambiental:<\/strong><\/p>\n<ol>\n<li>DNI \/ NIE del titular en vigor<\/li>\n<li>Permiso de circulaci\u00f3n del veh\u00edculo<\/li>\n<li>Matr\u00edcula del veh\u00edculo<\/li>\n<li>Ficha t\u00e9cnica del veh\u00edculo<\/li>\n<\/ol>\n<p><strong>Informaci\u00f3n:<\/strong> Aseg\u00farese de comprobar su matr\u00edcula, no se podr\u00e1n realizar modificaciones tras haber solicitado su distintivo. Por favor, indique la direcci\u00f3n de la manera m\u00e1s exacta posible para evitar posibles extrav\u00edos.<\/p>\n<div class=\"wpforms-container wpforms-container-full wpforms-render-modern\" id=\"wpforms-5617\"><form id=\"wpforms-form-5617\" class=\"wpforms-validate wpforms-form wpforms-ajax-form\" data-formid=\"5617\" method=\"post\" enctype=\"multipart\/form-data\" action=\"\/ca\/wp-json\/wp\/v2\/product\/5589\" data-token=\"9b5912fd7d18c96dad0707b52a93a763\" data-token-time=\"1777225646\" data-trp-original-action=\"\/ca\/wp-json\/wp\/v2\/product\/5589\"><noscript class=\"wpforms-error-noscript\">Activeu el JavaScript al navegador per a poder completar el formulari.<\/noscript><div class=\"wpforms-hidden\" id=\"wpforms-error-noscript\">Activeu el JavaScript al navegador per a poder completar el formulari.<\/div><div class=\"wpforms-field-container\"><div id=\"wpforms-5617-field_3-container\" class=\"wpforms-field wpforms-field-name\" data-field-id=\"3\"><label class=\"wpforms-field-label\" for=\"wpforms-5617-field_3\">DNI \/ NIE del titular en vigor <span class=\"wpforms-required-label\" aria-hidden=\"true\">*<\/span><\/label><input type=\"text\" id=\"wpforms-5617-field_3\" class=\"wpforms-field-medium wpforms-field-required\" name=\"wpforms[fields][3]\" aria-errormessage=\"wpforms-5617-field_3-error\" required><\/div><div id=\"wpforms-5617-field_4-container\" class=\"wpforms-field wpforms-field-email\" data-field-id=\"4\"><label class=\"wpforms-field-label\" for=\"wpforms-5617-field_4\">Matr\u00edcula del veh\u00edculo <span class=\"wpforms-required-label\" aria-hidden=\"true\">*<\/span><\/label><input type=\"email\" id=\"wpforms-5617-field_4\" class=\"wpforms-field-medium wpforms-field-required\" name=\"wpforms[fields][4]\" spellcheck=\"false\" aria-errormessage=\"wpforms-5617-field_4-error\" required><\/div><div id=\"wpforms-5617-field_6-container\" class=\"wpforms-field wpforms-field-checkbox\" data-field-id=\"6\"><fieldset><legend class=\"wpforms-field-label\">Protecci\u00f3 de dades <span class=\"wpforms-required-label\" aria-hidden=\"true\">*<\/span><\/legend><ul id=\"wpforms-5617-field_6\" class=\"wpforms-field-required\"><li class=\"choice-1 depth-1\"><input type=\"checkbox\" id=\"wpforms-5617-field_6_1\" name=\"wpforms[fields][6][]\" value=\"He le\u00eddo y estoy de acuerdo con la Pol\u00edtica de Privacidad\" aria-errormessage=\"wpforms-5617-field_6_1-error\" required><label class=\"wpforms-field-label-inline\" for=\"wpforms-5617-field_6_1\">He llegit i estic d'acord amb la pol\u00edtica de privacitat<\/label><\/li><\/ul><\/fieldset><\/div><\/div><!-- .wpforms-field-container --><div class=\"wpforms-submit-container\" ><input type=\"hidden\" name=\"wpforms[id]\" value=\"5617\"><input type=\"hidden\" name=\"page_title\" value=\"\"><input type=\"hidden\" name=\"page_url\" value=\"https:\/\/gestoriahurtado.cat\/ca\/wp-json\/wp\/v2\/product\/5589\"><input type=\"hidden\" name=\"url_referer\" value=\"\"><button type=\"submit\" name=\"wpforms[submit]\" id=\"wpforms-submit-5617\" class=\"wpforms-submit\" data-alt-text=\"Enviando...\" data-submit-text=\"Enviar\" aria-live=\"assertive\" value=\"wpforms-submit\">Env\u00edar<\/button><img loading=\"lazy\" decoding=\"async\" src=\"https:\/\/gestoriahurtado.cat\/wp-content\/plugins\/wpforms-lite\/assets\/images\/submit-spin.svg\" class=\"wpforms-submit-spinner\" style=\"display: none;\" width=\"26\" height=\"26\" alt=\"S&#039;est\u00e0 carregant\"><\/div><input type=\"hidden\" name=\"trp-form-language\" value=\"ca\"\/><\/form><\/div>  <!-- .wpforms-container -->\n<p><strong>Para cualquier duda relacionada con la resoluci\u00f3n del tr\u00e1mite, no dudes en contactar con nosotros en:<\/strong><\/p>\n<ul>\n<li>P\u00e1gina de contacto<\/li>\n<li>Llamando a 687 40 64 73<\/li>\n<li>V\u00eda whatsapp<\/li>\n<li>Env\u00edando un mail a m.hurtado@sanfeliu.com<\/li>\n<\/ul>","protected":false},"excerpt":{"rendered":"<p>Solicita tu distintivo medioambiental oficial de la DGT de forma online, en unos senzillos pasos a trav\u00e9s de Gestoria Hurtado.<\/p>\n<p>El distintivo medioambiental es una pegatina visual que permite catalogar a los veh\u00edculos en funci\u00f3n de su eficiencia energ\u00e9tica (emisiones), teniendo en cuenta su impacto medioambiental. La etiqueta se suele poner en una parte de la luna delantera del coche, lo m\u00e1s recomendable, es en la zona inferior derecha del parabrisas, de forma que no impida la visibilidad del conductor. Circular con el distintivo ambiental es obligatorio en algunas ciudades de Espa\u00f1a (Barcelona o Madrid).<\/p>","protected":false},"featured_media":5596,"comment_status":"open","ping_status":"closed","template":"","meta":[],"product_brand":[],"product_cat":[121872],"product_tag":[],"class_list":{"0":"post-5589","1":"product","2":"type-product","3":"status-publish","4":"has-post-thumbnail","6":"product_cat-tramites-dgt-online","7":"","8":"woocommerce-text-align-center","9":"woocommerce-image-align-center","10":"do-quantity-buttons","12":"first","13":"instock","14":"sold-individually","15":"shipping-taxable","16":"purchasable","17":"product-type-simple"},"jetpack_publicize_connections":[],"_links":{"self":[{"href":"https:\/\/gestoriahurtado.cat\/ca\/wp-json\/wp\/v2\/product\/5589","targetHints":{"allow":["GET"]}}],"collection":[{"href":"https:\/\/gestoriahurtado.cat\/ca\/wp-json\/wp\/v2\/product"}],"about":[{"href":"https:\/\/gestoriahurtado.cat\/ca\/wp-json\/wp\/v2\/types\/product"}],"replies":[{"embeddable":true,"href":"https:\/\/gestoriahurtado.cat\/ca\/wp-json\/wp\/v2\/comments?post=5589"}],"wp:featuredmedia":[{"embeddable":true,"href":"https:\/\/gestoriahurtado.cat\/ca\/wp-json\/wp\/v2\/media\/5596"}],"wp:attachment":[{"href":"https:\/\/gestoriahurtado.cat\/ca\/wp-json\/wp\/v2\/media?parent=5589"}],"wp:term":[{"taxonomy":"product_brand","embeddable":true,"href":"https:\/\/gestoriahurtado.cat\/ca\/wp-json\/wp\/v2\/product_brand?post=5589"},{"taxonomy":"product_cat","embeddable":true,"href":"https:\/\/gestoriahurtado.cat\/ca\/wp-json\/wp\/v2\/product_cat?post=5589"},{"taxonomy":"product_tag","embeddable":true,"href":"https:\/\/gestoriahurtado.cat\/ca\/wp-json\/wp\/v2\/product_tag?post=5589"}],"curies":[{"name":"wp","href":"https:\/\/api.w.org\/{rel}","templated":true}]}}