{"id":4986,"date":"2021-05-30T14:08:16","date_gmt":"2021-05-30T13:08:16","guid":{"rendered":"https:\/\/treesurgeon.wordifysites.com\/?page_id=2"},"modified":"2025-03-01T23:01:02","modified_gmt":"2025-03-01T22:01:02","slug":"inicio","status":"publish","type":"page","link":"https:\/\/gestoriahurtado.cat\/ca\/","title":{"rendered":"Inicio"},"content":{"rendered":"<section class=\"gb-container gb-container-fc3a6f7c\" style=\"background-image: url(https:\/\/gestoriahurtado.cat\/wp-content\/uploads\/2025\/02\/GaleriaImg-VII-Full-R.jpeg);\">\n<div class=\"gb-container gb-container-a27f440a\">\n<div class=\"gb-container gb-container-b096a21c\">\n\n<h1 class=\"gb-headline gb-headline-8baca67d gb-headline-text\">GESTOR\u00cdA DE TR\u00c1FICO<\/h1>\n\n\n\n<h2 class=\"gb-headline gb-headline-36f75209 gb-headline-text\">GESTOR\u00cdA HURTADO<\/h2>\n\n\n\n<p class=\"gb-headline gb-headline-b4372897 gb-headline-text\">Ubicados en la Catalu\u00f1a Central (Manresa), somos gestores de tr\u00e1fico titulados especializados en tr\u00e1mites para la DGT. Ofrecemos asesoramiento, servicios r\u00e1pidos y eficientes, y te facilitamos cualquier tr\u00e1mite relacionado con el sector de la automaci\u00f3n.<\/p>\n\n\n\n<a class=\"gb-button gb-button-0743fed5\" href=\"https:\/\/gestoriahurtado.catempresa\/\"><span class=\"gb-icon\"><svg aria-hidden=\"true\" role=\"img\" height=\"1em\" width=\"1em\" viewBox=\"0 0 496 512\" xmlns=\"http:\/\/www.w3.org\/2000\/svg\"><path fill=\"currentColor\" d=\"M248 8C111 8 0 119 0 256s111 248 248 248 248-111 248-248S385 8 248 8zm0 96c48.6 0 88 39.4 88 88s-39.4 88-88 88-88-39.4-88-88 39.4-88 88-88zm0 344c-58.7 0-111.3-26.6-146.5-68.2 18.8-35.4 55.6-59.8 98.5-59.8 2.4 0 4.8.4 7.1 1.1 13 4.2 26.6 6.9 40.9 6.9 14.3 0 28-2.7 40.9-6.9 2.3-.7 4.7-1.1 7.1-1.1 42.9 0 79.7 24.4 98.5 59.8C359.3 421.4 306.7 448 248 448z\"><\/path><\/svg><\/span><span class=\"gb-button-text\">\u00bf QUi\u00e9nes somos? Con\u00f3cenos<\/span><\/a>\n\n<\/div>\n<\/div>\n<\/section>\n\n<section class=\"gb-container gb-container-94c6ef1a\">\n<div class=\"gb-container gb-container-eafa3e9e\">\n<div class=\"gb-container gb-container-4b5fac27\">\n\n<p class=\"gb-headline gb-headline-6b1cfa00 gb-headline-text\">GESTOR\u00cdA DE TR\u00c1FICO CON M\u00c1S DE 30 A\u00d1OS EXPERIENCIA EN EL SECTOR DE LA AUTOMOCI\u00d3N.<br> <br>SOMOS EXPERTOS EN LA GESTI\u00d3N TOTAL DE CUALQUIER TIPO DE TR\u00c1MITE DE VEH\u00cdCULOS.<\/p>\n\n<\/div>\n<\/div>\n<\/section>\n\n<section class=\"gb-container gb-container-49b9586e\">\n<div class=\"gb-container gb-container-a2e9522c\"><\/div>\n\n<div class=\"gb-container gb-container-0e11192a\">\n\n<p class=\"gb-headline gb-headline-f3491a3e gb-headline-text\">CONOCER M\u00c1S<\/p>\n\n\n\n<h3 class=\"gb-headline gb-headline-5cf408ee gb-headline-text\">Tu veh\u00edculo, en las mejores manos.<\/h3>\n\n\n<div class=\"gb-container gb-container-daaa2e63\">\n<div class=\"gb-container gb-container-bda621fe\"><\/div>\n\n<div class=\"gb-container gb-container-4b0ac72b\"><\/div>\n<\/div>\n\n\n<p class=\"gb-headline gb-headline-edf98545 gb-headline-text\">Bienvenidos a Gestor\u00eda Hurtado, tu soluci\u00f3n integral en tr\u00e1mites de tr\u00e1fico y gesti\u00f3n vehicular.<br>Sabemos lo complicado que pueden ser los procesos administrativos relacionados con el tr\u00e1fico, desde la obtenci\u00f3n de permisos hasta la resoluci\u00f3n de cuestiones legales. En Gestor\u00eda Hurtado, estamos aqu\u00ed para hacerlo todo m\u00e1s r\u00e1pido y sencillo. Nuestro equipo de expertos se encarga de todos los tr\u00e1mites relacionados con veh\u00edculos, licencias, impuestos y m\u00e1s, cuidando hasta el m\u00ednimo detalle. Ofrecemos asesoramiento, gesti\u00f3n y un servicio \u00edntegro para que t\u00fa solo tengas que disfrutar de la conducci\u00f3n sin preocupaciones.<br><br>Con m\u00e1s de 30 a\u00f1os de experiencia en el sector, garantizamos un servicio personalizado y eficiente, y lo m\u00e1s importante, asegur\u00e1ndonos que todo se realize de acuerdo con la normativa vigente. Ya sea que necesites realizar un cambio de titularidad, matriculaci\u00f3n o resolver cualquier inconveniente, en Gestor\u00eda Hurtado contamos con las herramientas y el conocimiento para ayudarte en todo momento.<br><br>Conf\u00eda en nosotros y ahorra en tiempo y esfuerzo. \u00a1Nos encargamos de todo para que t\u00fa no tengas que hacerlo!<\/p>\n\n\n\n<a class=\"gb-button gb-button-aafda662\" href=\"https:\/\/gestoriahurtado.catempresa\/\"><span class=\"gb-icon\"><svg aria-hidden=\"true\" role=\"img\" height=\"1em\" width=\"1em\" viewBox=\"0 0 496 512\" xmlns=\"http:\/\/www.w3.org\/2000\/svg\"><path fill=\"currentColor\" d=\"M248 8C111 8 0 119 0 256s111 248 248 248 248-111 248-248S385 8 248 8zm0 96c48.6 0 88 39.4 88 88s-39.4 88-88 88-88-39.4-88-88 39.4-88 88-88zm0 344c-58.7 0-111.3-26.6-146.5-68.2 18.8-35.4 55.6-59.8 98.5-59.8 2.4 0 4.8.4 7.1 1.1 13 4.2 26.6 6.9 40.9 6.9 14.3 0 28-2.7 40.9-6.9 2.3-.7 4.7-1.1 7.1-1.1 42.9 0 79.7 24.4 98.5 59.8C359.3 421.4 306.7 448 248 448z\"><\/path><\/svg><\/span><span class=\"gb-button-text\">SOBRE NOSOTROS<\/span><\/a>\n\n<\/div>\n<\/section>\n\n<section class=\"gb-container gb-container-f914b566\">\n<div class=\"gb-container gb-container-d07e4266\">\n\n<figure class=\"gb-block-image gb-block-image-b3389bf5\"><img loading=\"lazy\" decoding=\"async\" width=\"2488\" height=\"1654\" class=\"gb-image gb-image-b3389bf5\" src=\"https:\/\/gestoriahurtado.catwp-content\/uploads\/2025\/02\/GaleriaImg-II-Full-R.png\" alt=\"\" title=\"Galer\u00eda[Img-II] [Full-R]\" srcset=\"https:\/\/gestoriahurtado.cat\/wp-content\/uploads\/2025\/02\/GaleriaImg-II-Full-R.png 2488w, https:\/\/gestoriahurtado.cat\/wp-content\/uploads\/2025\/02\/GaleriaImg-II-Full-R-300x199.png 300w, https:\/\/gestoriahurtado.cat\/wp-content\/uploads\/2025\/02\/GaleriaImg-II-Full-R-1024x681.png 1024w, https:\/\/gestoriahurtado.cat\/wp-content\/uploads\/2025\/02\/GaleriaImg-II-Full-R-768x511.png 768w, https:\/\/gestoriahurtado.cat\/wp-content\/uploads\/2025\/02\/GaleriaImg-II-Full-R-1536x1021.png 1536w, https:\/\/gestoriahurtado.cat\/wp-content\/uploads\/2025\/02\/GaleriaImg-II-Full-R-2048x1361.png 2048w, https:\/\/gestoriahurtado.cat\/wp-content\/uploads\/2025\/02\/GaleriaImg-II-Full-R-600x399.png 600w\" sizes=\"auto, (max-width: 2488px) 100vw, 2488px\" \/><\/figure>\n\n<\/div>\n\n<div class=\"gb-container gb-container-1102ab7a\">\n\n<h3 class=\"gb-headline gb-headline-8a916cc0 gb-headline-text\">Tipo de tr\u00e1mites<\/h3>\n\n\n\n<p class=\"gb-headline gb-headline-58192992\"><span class=\"gb-icon\"><svg aria-hidden=\"true\" role=\"img\" height=\"1em\" width=\"1em\" viewBox=\"0 0 448 512\" xmlns=\"http:\/\/www.w3.org\/2000\/svg\"><path fill=\"currentColor\" d=\"M400 480H48c-26.51 0-48-21.49-48-48V80c0-26.51 21.49-48 48-48h352c26.51 0 48 21.49 48 48v352c0 26.51-21.49 48-48 48zm-204.686-98.059l184-184c6.248-6.248 6.248-16.379 0-22.627l-22.627-22.627c-6.248-6.248-16.379-6.249-22.628 0L184 302.745l-70.059-70.059c-6.248-6.248-16.379-6.248-22.628 0l-22.627 22.627c-6.248 6.248-6.248 16.379 0 22.627l104 104c6.249 6.25 16.379 6.25 22.628.001z\"><\/path><\/svg><\/span><span class=\"gb-headline-text\">Cambios de titularidad<\/span><\/p>\n\n\n\n<p class=\"gb-headline gb-headline-178971af\"><span class=\"gb-icon\"><svg aria-hidden=\"true\" role=\"img\" height=\"1em\" width=\"1em\" viewBox=\"0 0 448 512\" xmlns=\"http:\/\/www.w3.org\/2000\/svg\"><path fill=\"currentColor\" d=\"M400 480H48c-26.51 0-48-21.49-48-48V80c0-26.51 21.49-48 48-48h352c26.51 0 48 21.49 48 48v352c0 26.51-21.49 48-48 48zm-204.686-98.059l184-184c6.248-6.248 6.248-16.379 0-22.627l-22.627-22.627c-6.248-6.248-16.379-6.249-22.628 0L184 302.745l-70.059-70.059c-6.248-6.248-16.379-6.248-22.628 0l-22.627 22.627c-6.248 6.248-6.248 16.379 0 22.627l104 104c6.249 6.25 16.379 6.25 22.628.001z\"><\/path><\/svg><\/span><span class=\"gb-headline-text\">Matriculaci\u00f3n de veh\u00edculos<\/span><\/p>\n\n\n\n<p class=\"gb-headline gb-headline-2ae0d87e\"><span class=\"gb-icon\"><svg aria-hidden=\"true\" role=\"img\" height=\"1em\" width=\"1em\" viewBox=\"0 0 448 512\" xmlns=\"http:\/\/www.w3.org\/2000\/svg\"><path fill=\"currentColor\" d=\"M400 480H48c-26.51 0-48-21.49-48-48V80c0-26.51 21.49-48 48-48h352c26.51 0 48 21.49 48 48v352c0 26.51-21.49 48-48 48zm-204.686-98.059l184-184c6.248-6.248 6.248-16.379 0-22.627l-22.627-22.627c-6.248-6.248-16.379-6.249-22.628 0L184 302.745l-70.059-70.059c-6.248-6.248-16.379-6.248-22.628 0l-22.627 22.627c-6.248 6.248-6.248 16.379 0 22.627l104 104c6.249 6.25 16.379 6.25 22.628.001z\"><\/path><\/svg><\/span><span class=\"gb-headline-text\">Bajas temporales y definitivas<\/span><\/p>\n\n\n\n<p class=\"gb-headline gb-headline-38509670\"><span class=\"gb-icon\"><svg aria-hidden=\"true\" role=\"img\" height=\"1em\" width=\"1em\" viewBox=\"0 0 448 512\" xmlns=\"http:\/\/www.w3.org\/2000\/svg\"><path fill=\"currentColor\" d=\"M400 480H48c-26.51 0-48-21.49-48-48V80c0-26.51 21.49-48 48-48h352c26.51 0 48 21.49 48 48v352c0 26.51-21.49 48-48 48zm-204.686-98.059l184-184c6.248-6.248 6.248-16.379 0-22.627l-22.627-22.627c-6.248-6.248-16.379-6.249-22.628 0L184 302.745l-70.059-70.059c-6.248-6.248-16.379-6.248-22.628 0l-22.627 22.627c-6.248 6.248-6.248 16.379 0 22.627l104 104c6.249 6.25 16.379 6.25 22.628.001z\"><\/path><\/svg><\/span><span class=\"gb-headline-text\">Duplicados del permiso de circulaci\u00f3n<\/span><\/p>\n\n\n\n<p class=\"gb-headline gb-headline-1aac5d46\"><span class=\"gb-icon\"><svg aria-hidden=\"true\" role=\"img\" height=\"1em\" width=\"1em\" viewBox=\"0 0 448 512\" xmlns=\"http:\/\/www.w3.org\/2000\/svg\"><path fill=\"currentColor\" d=\"M400 480H48c-26.51 0-48-21.49-48-48V80c0-26.51 21.49-48 48-48h352c26.51 0 48 21.49 48 48v352c0 26.51-21.49 48-48 48zm-204.686-98.059l184-184c6.248-6.248 6.248-16.379 0-22.627l-22.627-22.627c-6.248-6.248-16.379-6.249-22.628 0L184 302.745l-70.059-70.059c-6.248-6.248-16.379-6.248-22.628 0l-22.627 22.627c-6.248 6.248-6.248 16.379 0 22.627l104 104c6.249 6.25 16.379 6.25 22.628.001z\"><\/path><\/svg><\/span><span class=\"gb-headline-text\">Solicitudes a la DGT<\/span><\/p>\n\n\n\n<p class=\"gb-headline gb-headline-6fb9b297\"><span class=\"gb-icon\"><svg aria-hidden=\"true\" role=\"img\" height=\"1em\" width=\"1em\" viewBox=\"0 0 448 512\" xmlns=\"http:\/\/www.w3.org\/2000\/svg\"><path fill=\"currentColor\" d=\"M400 480H48c-26.51 0-48-21.49-48-48V80c0-26.51 21.49-48 48-48h352c26.51 0 48 21.49 48 48v352c0 26.51-21.49 48-48 48zm-204.686-98.059l184-184c6.248-6.248 6.248-16.379 0-22.627l-22.627-22.627c-6.248-6.248-16.379-6.249-22.628 0L184 302.745l-70.059-70.059c-6.248-6.248-16.379-6.248-22.628 0l-22.627 22.627c-6.248 6.248-6.248 16.379 0 22.627l104 104c6.249 6.25 16.379 6.25 22.628.001z\"><\/path><\/svg><\/span><span class=\"gb-headline-text\">Notificaciones de venta<\/span><\/p>\n\n\n<div class=\"gb-container gb-container-1935a7ba\">\n\n<a class=\"gb-button gb-button-ff055387 gb-button-text\" href=\"https:\/\/gestoriahurtado.cattramites\/\">vER M\u00c1S<\/a>\n\n<\/div>\n<\/div>\n<\/section>\n\n\n<p class=\"wp-block-paragraph\"><\/p>\n","protected":false},"excerpt":{"rendered":"<p>GESTOR\u00cdA DE TR\u00c1FICO GESTOR\u00cdA HURTADO Ubicados en la Catalu\u00f1a Central (Manresa), somos gestores de tr\u00e1fico titulados especializados en tr\u00e1mites para la DGT. Ofrecemos asesoramiento, servicios r\u00e1pidos y eficientes, y te facilitamos cualquier tr\u00e1mite relacionado con el sector de la automaci\u00f3n. GESTOR\u00cdA DE TR\u00c1FICO CON M\u00c1S DE 30 A\u00d1OS EXPERIENCIA EN EL SECTOR DE LA AUTOMOCI\u00d3N. &#8230; <a title=\"Inicio\" class=\"read-more\" href=\"https:\/\/gestoriahurtado.cat\/ca\/\" aria-label=\"M\u00e9s informaci\u00f3 sobre Inicio\">Llegiu m\u00e9s<\/a><\/p>","protected":false},"author":168444366,"featured_media":0,"parent":0,"menu_order":0,"comment_status":"closed","ping_status":"closed","template":"","meta":{"_crdt_document":"","footnotes":""},"class_list":["post-4986","page","type-page","status-publish"],"_links":{"self":[{"href":"https:\/\/gestoriahurtado.cat\/ca\/wp-json\/wp\/v2\/pages\/4986","targetHints":{"allow":["GET"]}}],"collection":[{"href":"https:\/\/gestoriahurtado.cat\/ca\/wp-json\/wp\/v2\/pages"}],"about":[{"href":"https:\/\/gestoriahurtado.cat\/ca\/wp-json\/wp\/v2\/types\/page"}],"author":[{"embeddable":true,"href":"https:\/\/gestoriahurtado.cat\/ca\/wp-json\/wp\/v2\/users\/168444366"}],"replies":[{"embeddable":true,"href":"https:\/\/gestoriahurtado.cat\/ca\/wp-json\/wp\/v2\/comments?post=4986"}],"version-history":[{"count":93,"href":"https:\/\/gestoriahurtado.cat\/ca\/wp-json\/wp\/v2\/pages\/4986\/revisions"}],"predecessor-version":[{"id":5526,"href":"https:\/\/gestoriahurtado.cat\/ca\/wp-json\/wp\/v2\/pages\/4986\/revisions\/5526"}],"wp:attachment":[{"href":"https:\/\/gestoriahurtado.cat\/ca\/wp-json\/wp\/v2\/media?parent=4986"}],"curies":[{"name":"wp","href":"https:\/\/api.w.org\/{rel}","templated":true}]}}