{"id":159,"date":"2023-01-21T22:52:31","date_gmt":"2023-01-21T22:52:31","guid":{"rendered":"https:\/\/treesurgeon.wordifysites.com\/?page_id=159"},"modified":"2025-03-01T23:07:48","modified_gmt":"2025-03-01T22:07:48","slug":"tramites","status":"publish","type":"page","link":"https:\/\/gestoriahurtado.cat\/ca\/tramites\/","title":{"rendered":"Tr\u00e0mits"},"content":{"rendered":"<section class=\"gb-container gb-container-f2eb6521\">\n<div class=\"gb-grid-wrapper gb-grid-wrapper-4b9b7e10\">\n<div class=\"gb-grid-column gb-grid-column-491939a3\"><div class=\"gb-container gb-container-491939a3\">\n<div class=\"gb-container gb-container-731ae20e\">\n<div class=\"gb-container gb-container-d96e7a76\"><\/div>\n\n<div class=\"gb-container gb-container-bcae56fa\"><\/div>\n<\/div>\n\n<h2 class=\"gb-headline gb-headline-2834ed4d gb-headline-text\">CANVIS DE TITULARITAT DE VEHICLES<\/h2>\n\n<div class=\"gb-container gb-container-d9f8ccc5\">\n<p class=\"gb-headline gb-headline-23954af5 gb-headline-text\">Gestionem el canvi de titularitat del teu vehicle entre particulars o empreses<\/p>\n<\/div>\n\n<a class=\"gb-button gb-button-78ef4961 gb-button-text\" href=\"https:\/\/gestoriahurtado.catcambio-titularidad\/\">M\u00c9S INFORMACI\u00d3<\/a>\n<\/div><\/div>\n\n<div class=\"gb-grid-column gb-grid-column-29bf4487\"><div class=\"gb-container gb-container-29bf4487\">\n<div class=\"gb-container gb-container-d0553944\">\n<div class=\"gb-container gb-container-09d00176\"><\/div>\n\n<div class=\"gb-container gb-container-4bef51a5\"><\/div>\n<\/div>\n\n<h2 class=\"gb-headline gb-headline-4addc0f7 gb-headline-text\">Matriculaci\u00f3 de vehicles<\/h2>\n\n<p class=\"gb-headline gb-headline-1c19adbf gb-headline-text\">Registrem el teu vehicle nou o importat, incloent la inspecci\u00f3 t\u00e8cnica (ITV) i\/o el pagament d'impostos <\/p>\n\n<a class=\"gb-button gb-button-80adbc84 gb-button-text\" href=\"https:\/\/gestoriahurtado.catmatriculaciones\/\">M\u00c9S INFORMACI\u00d3<\/a>\n<\/div><\/div>\n\n<div class=\"gb-grid-column gb-grid-column-38a22b00\"><div class=\"gb-container gb-container-38a22b00\">\n<div class=\"gb-container gb-container-cc33d305\">\n<div class=\"gb-container gb-container-c7d96b73\"><\/div>\n\n<div class=\"gb-container gb-container-66d539ac\"><\/div>\n<\/div>\n\n<h2 class=\"gb-headline gb-headline-09f4131c gb-headline-text\">BAIXES TEMPORALS I DEFINITIVES<\/h2>\n\n<p class=\"gb-headline gb-headline-085d8440 gb-headline-text\">T'ajudem a acreditar tots els tr\u00e0mits necess\u00e0ris per a la baixa del teu vehicle, tant la baixa temporal si el seu \u00fas estar\u00e0 cessat durant un per\u00edode limitat de temps, com la baixa definitiva <\/p>\n\n<a class=\"gb-button gb-button-449fedff gb-button-text\" href=\"https:\/\/gestoriahurtado.catbajas-temporales-definitivas\/\">M\u00c9S INFORMACI\u00d3<\/a>\n<\/div><\/div>\n\n<div class=\"gb-grid-column gb-grid-column-ecc24a77\"><div class=\"gb-container gb-container-ecc24a77\">\n<div class=\"gb-container gb-container-b3ae6f9a\">\n<div class=\"gb-container gb-container-cd650ca7\"><\/div>\n\n<div class=\"gb-container gb-container-97973652\"><\/div>\n<\/div>\n\n<h2 class=\"gb-headline gb-headline-27ed777d gb-headline-text\">Duplicats del perm\u00eds de circulaci\u00f3<\/h2>\n\n<p class=\"gb-headline gb-headline-2dc6316b gb-headline-text\">Realitzem duplicats del perm\u00eds de circulaci\u00f3 en vigor en cas de canvi, robatori, p\u00e8rdua, etc... <\/p>\n\n<a class=\"gb-button gb-button-67586b5c gb-button-text\" href=\"https:\/\/gestoriahurtado.catduplicado-permiso-circulacion\/\">M\u00c9S INFORMACI\u00d3<\/a>\n<\/div><\/div>\n\n<div class=\"gb-grid-column gb-grid-column-27877413\"><div class=\"gb-container gb-container-27877413\">\n<div class=\"gb-container gb-container-25be095b\">\n<div class=\"gb-container gb-container-6e8d6c75\"><\/div>\n\n<div class=\"gb-container gb-container-66e07e32\"><\/div>\n<\/div>\n\n<h2 class=\"gb-headline gb-headline-ccf01144 gb-headline-text\">Solicitud del informe a tr\u00e0fic<\/h2>\n\n<p class=\"gb-headline gb-headline-513d3ea2 gb-headline-text\">Proporcionem informes oficials emesos directament per la Direcci\u00f3 General de Tr\u00e0fic (DGT) de la situaci\u00f3 en la que es troba el seu vehicle <\/p>\n\n<a class=\"gb-button gb-button-ea9b75cd gb-button-text\" href=\"https:\/\/gestoriahurtado.catinforme-trafico-dgt\/\">M\u00c9S INFORMACI\u00d3<\/a>\n<\/div><\/div>\n\n<div class=\"gb-grid-column gb-grid-column-9f564fae\"><div class=\"gb-container gb-container-9f564fae\">\n<div class=\"gb-container gb-container-33df0346\">\n<div class=\"gb-container gb-container-dc761d5e\"><\/div>\n\n<div class=\"gb-container gb-container-021a3b00\"><\/div>\n<\/div>\n\n<h2 class=\"gb-headline gb-headline-63d88708 gb-headline-text\">Canvis NIF \/ NIE<\/h2>\n\n<p class=\"gb-headline gb-headline-851f1b88 gb-headline-text\">Realitzem canvis de NIF \/ NIE en cas d'adquirir per primera vegada el perm\u00eds de circulaci\u00f3 <\/p>\n\n<a class=\"gb-button gb-button-94b439e2 gb-button-text\" href=\"https:\/\/gestoriahurtado.catcambios-nie-dni\/\">M\u00c9S INFORMACI\u00d3<\/a>\n<\/div><\/div>\n\n<div class=\"gb-grid-column gb-grid-column-9e48708d\"><div class=\"gb-container gb-container-9e48708d\">\n<div class=\"gb-container gb-container-ea0b7f04\">\n<div class=\"gb-container gb-container-be8922eb\"><\/div>\n\n<div class=\"gb-container gb-container-7801f7e2\"><\/div>\n<\/div>\n\n<h2 class=\"gb-headline gb-headline-aaf840d8 gb-headline-text\">Solicitud del distintiu mediambiental<\/h2>\n\n<p class=\"gb-headline gb-headline-e5ab59f2 gb-headline-text\">Solicitut del distintiu mediambiental <\/p>\n\n<a class=\"gb-button gb-button-2f2c3e9f gb-button-text\" href=\"https:\/\/gestoriahurtado.catdistintivo-medioambiental\/\">M\u00c9S INFORMACI\u00d3<\/a>\n<\/div><\/div>\n\n<div class=\"gb-grid-column gb-grid-column-b201149b\"><div class=\"gb-container gb-container-b201149b\">\n<div class=\"gb-container gb-container-ec0be5ce\">\n<div class=\"gb-container gb-container-8853a518\"><\/div>\n\n<div class=\"gb-container gb-container-55f42fb5\"><\/div>\n<\/div>\n\n<h2 class=\"gb-headline gb-headline-6e872825 gb-headline-text\">Notificaci\u00f3 de venda<\/h2>\n\n<p class=\"gb-headline gb-headline-3d3023da gb-headline-text\">Notifica a la DGT el canvi de propietat del teu vehicle en cas de venda. <\/p>\n\n<a class=\"gb-button gb-button-e7cf2ab1 gb-button-text\" href=\"https:\/\/gestoriahurtado.catnotificacion-venta\/\">M\u00c9S INFORMACI\u00d3<\/a>\n<\/div><\/div>\n<\/div>\n<\/section>","protected":false},"excerpt":{"rendered":"","protected":false},"author":168444366,"featured_media":0,"parent":0,"menu_order":0,"comment_status":"closed","ping_status":"closed","template":"","meta":{"footnotes":""},"class_list":["post-159","page","type-page","status-publish"],"_links":{"self":[{"href":"https:\/\/gestoriahurtado.cat\/ca\/wp-json\/wp\/v2\/pages\/159","targetHints":{"allow":["GET"]}}],"collection":[{"href":"https:\/\/gestoriahurtado.cat\/ca\/wp-json\/wp\/v2\/pages"}],"about":[{"href":"https:\/\/gestoriahurtado.cat\/ca\/wp-json\/wp\/v2\/types\/page"}],"author":[{"embeddable":true,"href":"https:\/\/gestoriahurtado.cat\/ca\/wp-json\/wp\/v2\/users\/168444366"}],"replies":[{"embeddable":true,"href":"https:\/\/gestoriahurtado.cat\/ca\/wp-json\/wp\/v2\/comments?post=159"}],"version-history":[{"count":50,"href":"https:\/\/gestoriahurtado.cat\/ca\/wp-json\/wp\/v2\/pages\/159\/revisions"}],"predecessor-version":[{"id":5530,"href":"https:\/\/gestoriahurtado.cat\/ca\/wp-json\/wp\/v2\/pages\/159\/revisions\/5530"}],"wp:attachment":[{"href":"https:\/\/gestoriahurtado.cat\/ca\/wp-json\/wp\/v2\/media?parent=159"}],"curies":[{"name":"wp","href":"https:\/\/api.w.org\/{rel}","templated":true}]}}