{"id":157,"date":"2023-01-21T22:52:12","date_gmt":"2023-01-21T22:52:12","guid":{"rendered":"https:\/\/treesurgeon.wordifysites.com\/?page_id=157"},"modified":"2025-03-01T23:47:38","modified_gmt":"2025-03-01T22:47:38","slug":"empresa","status":"publish","type":"page","link":"https:\/\/gestoriahurtado.cat\/ca\/empresa\/","title":{"rendered":"Empresa"},"content":{"rendered":"<section class=\"gb-container gb-container-25bc6b91\">\n<div class=\"gb-container gb-container-f2eb6521\">\n<div class=\"gb-container gb-container-33eb735c\">\n<p class=\"gb-headline gb-headline-f1159141\"><span class=\"gb-icon\"><svg aria-hidden=\"true\" role=\"img\" height=\"1em\" width=\"1em\" viewbox=\"0 0 384 512\" xmlns=\"http:\/\/www.w3.org\/2000\/svg\"><path fill=\"currentColor\" d=\"M172.268 501.67C26.97 291.031 0 269.413 0 192 0 85.961 85.961 0 192 0s192 85.961 192 192c0 77.413-26.97 99.031-172.268 309.67-9.535 13.774-29.93 13.773-39.464 0zM192 272c44.183 0 80-35.817 80-80s-35.817-80-80-80-80 35.817-80 80 35.817 80 80 80z\"><\/path><\/svg><\/span><span class=\"gb-headline-text\">gestoria hurtado<\/span><\/p>\n\n<h2 class=\"gb-headline gb-headline-8a916cc0 gb-headline-text\">El teu vehicle, en les millors mans<\/h2>\n\n<p>Situats a la Catalunya Central (Manresa), som gestors de tr\u00e0nsit titulats especialitzats en tr\u00e0mits de la DGT.<\/p>\n\n<p>Amb m\u00e9s de 30 anys d'experi\u00e8ncia en el sector, garantim un servei personalitzat i eficient, i el m\u00e9s important, ens assegurem que tot es realitzi d'acord amb la normativa vigent. Ja sigui que necessitis realitzar un canvi de titularitat, matricular un vehicle o resoldre qualsevol inconvenient, a Gestoria Hurtado disposem de les e\u00efnes i el coneixement per ajudar-te en tot moment<br><br>Confia en nosaltres i estalvia temps i esfor\u00e7. Ens encarreguem de tot perqu\u00e8 tu no tinguis que fer-ho!<a href=\"https:\/\/gestoriahurtado.cat\/ca\/\"><strong><\/strong><\/a><\/p>\n\n<div class=\"gb-container gb-container-1935a7ba\">\n<a class=\"gb-button gb-button-ff055387\" href=\"https:\/\/gestoriahurtado.cattramites\/\"><span class=\"gb-icon\"><svg aria-hidden=\"true\" role=\"img\" height=\"1em\" width=\"1em\" viewbox=\"0 0 448 512\" xmlns=\"http:\/\/www.w3.org\/2000\/svg\"><path fill=\"currentColor\" d=\"M448 360V24c0-13.3-10.7-24-24-24H96C43 0 0 43 0 96v320c0 53 43 96 96 96h328c13.3 0 24-10.7 24-24v-16c0-7.5-3.5-14.3-8.9-18.7-4.2-15.4-4.2-59.3 0-74.7 5.4-4.3 8.9-11.1 8.9-18.6zM128 134c0-3.3 2.7-6 6-6h212c3.3 0 6 2.7 6 6v20c0 3.3-2.7 6-6 6H134c-3.3 0-6-2.7-6-6v-20zm0 64c0-3.3 2.7-6 6-6h212c3.3 0 6 2.7 6 6v20c0 3.3-2.7 6-6 6H134c-3.3 0-6-2.7-6-6v-20zm253.4 250H96c-17.7 0-32-14.3-32-32 0-17.6 14.4-32 32-32h285.4c-1.9 17.1-1.9 46.9 0 64z\"><\/path><\/svg><\/span><span class=\"gb-button-text\">Llistat de Tr\u00e0mits<\/span><\/a>\n<\/div>\n<\/div>\n\n<div class=\"gb-container gb-container-f0d06f1b\">\n<div class=\"gb-container gb-container-842fef00\">\n<figure class=\"gb-block-image gb-block-image-3f4eab68\"><img loading=\"lazy\" decoding=\"async\" width=\"150\" height=\"150\" class=\"gb-image gb-image-3f4eab68\" src=\"https:\/\/gestoriahurtado.catwp-content\/uploads\/2025\/02\/GaleriaImg-VI-Full-R-150x150.png?crop=1\" alt=\"\" title=\"Galer\u00eda[Img-VI] [Full-R]\" srcset=\"https:\/\/gestoriahurtado.cat\/wp-content\/uploads\/2025\/02\/GaleriaImg-VI-Full-R-150x150.png 150w, https:\/\/gestoriahurtado.cat\/wp-content\/uploads\/2025\/02\/GaleriaImg-VI-Full-R-300x300.png 300w, https:\/\/gestoriahurtado.cat\/wp-content\/uploads\/2025\/02\/GaleriaImg-VI-Full-R-100x100.png 100w\" sizes=\"auto, (max-width: 150px) 100vw, 150px\" \/><\/figure>\n<\/div>\n\n<figure class=\"gb-block-image gb-block-image-dd676f1a\"><img loading=\"lazy\" decoding=\"async\" width=\"2042\" height=\"1360\" class=\"gb-image gb-image-dd676f1a\" src=\"https:\/\/gestoriahurtado.catwp-content\/uploads\/2025\/02\/GaleriaImg-XI-Full-R.png\" alt=\"\" title=\"Galer\u00eda[Img-XI] [Full-R]\" srcset=\"https:\/\/gestoriahurtado.cat\/wp-content\/uploads\/2025\/02\/GaleriaImg-XI-Full-R.png 2042w, https:\/\/gestoriahurtado.cat\/wp-content\/uploads\/2025\/02\/GaleriaImg-XI-Full-R-300x200.png 300w, https:\/\/gestoriahurtado.cat\/wp-content\/uploads\/2025\/02\/GaleriaImg-XI-Full-R-1024x682.png 1024w, https:\/\/gestoriahurtado.cat\/wp-content\/uploads\/2025\/02\/GaleriaImg-XI-Full-R-768x511.png 768w, https:\/\/gestoriahurtado.cat\/wp-content\/uploads\/2025\/02\/GaleriaImg-XI-Full-R-1536x1023.png 1536w, https:\/\/gestoriahurtado.cat\/wp-content\/uploads\/2025\/02\/GaleriaImg-XI-Full-R-600x400.png 600w\" sizes=\"auto, (max-width: 2042px) 100vw, 2042px\" \/><\/figure>\n\n<div class=\"gb-container gb-container-e1bb763f\">\n<div class=\"gb-headline gb-headline-b8e2b56a\"><span class=\"gb-icon\"><svg xmlns=\"http:\/\/www.w3.org\/2000\/svg\" xml:space=\"preserve\" viewbox=\"0 0 100 100\"><path d=\"M84.96 70.237c-.167-1.032-.814-1.914-1.783-2.438l-14.335-8.446-.118-.066a4.256 4.256 0 0 0-1.937-.45c-1.201 0-2.348.455-3.144 1.253l-4.231 4.233c-.181.172-.771.421-.95.43-.049-.004-4.923-.355-13.896-9.329-8.957-8.955-9.337-13.844-9.34-13.844.005-.25.251-.838.426-1.02l3.608-3.607c1.271-1.274 1.652-3.386.898-5.022L32.19 16.938c-.579-1.192-1.704-1.928-2.952-1.928-.883 0-1.735.366-2.401 1.031l-9.835 9.813c-.943.938-1.755 2.578-1.932 3.898-.086.631-1.831 15.693 18.819 36.346C51.42 83.627 65.09 84.989 68.865 84.989a10.7 10.7 0 0 0 1.376-.071c1.316-.176 2.954-.986 3.891-1.925l9.827-9.826c.802-.806 1.168-1.871 1.001-2.93z\"><\/path><\/svg><\/span><\/div>\n\n<p class=\"gb-headline gb-headline-b84f0540 gb-headline-text\">Per a qualsevol dubte<\/p>\n\n<p class=\"gb-headline gb-headline-ff9b5807 gb-headline-text\"><a href=\"tel: 0800 354 6778\">687 40 64 73<\/a><\/p>\n<\/div>\n<\/div>\n<\/div>\n<\/section><section class=\"gb-container gb-container-610914ac\">\n<div class=\"gb-container gb-container-a3ed4452\">\n<figure class=\"gb-block-image gb-block-image-1925f2e9\"><img loading=\"lazy\" decoding=\"async\" width=\"2044\" height=\"1150\" class=\"gb-image gb-image-1925f2e9\" src=\"https:\/\/gestoriahurtado.catwp-content\/uploads\/2025\/02\/GaleriaImg-XII-Full-R.png\" alt=\"\" title=\"Galer\u00eda[Img-XII] [Full-R]\" srcset=\"https:\/\/gestoriahurtado.cat\/wp-content\/uploads\/2025\/02\/GaleriaImg-XII-Full-R.png 2044w, https:\/\/gestoriahurtado.cat\/wp-content\/uploads\/2025\/02\/GaleriaImg-XII-Full-R-300x169.png 300w, https:\/\/gestoriahurtado.cat\/wp-content\/uploads\/2025\/02\/GaleriaImg-XII-Full-R-1024x576.png 1024w, https:\/\/gestoriahurtado.cat\/wp-content\/uploads\/2025\/02\/GaleriaImg-XII-Full-R-768x432.png 768w, https:\/\/gestoriahurtado.cat\/wp-content\/uploads\/2025\/02\/GaleriaImg-XII-Full-R-1536x864.png 1536w, https:\/\/gestoriahurtado.cat\/wp-content\/uploads\/2025\/02\/GaleriaImg-XII-Full-R-600x338.png 600w\" sizes=\"auto, (max-width: 2044px) 100vw, 2044px\" \/><\/figure>\n<\/div>\n\n<div class=\"gb-container gb-container-9b08c090\">\n<h2 class=\"gb-headline gb-headline-d879851e gb-headline-text\">Perqu\u00e8 nosaltres?<\/h2>\n\n<p class=\"gb-headline gb-headline-c4501b5b gb-headline-text\">El nostre equip d'experts s'encarrega de tots els tr\u00e0mits relacionats amb vehicles, llic\u00e8ncies, impostos i m\u00e9s, cuidant fins a l'\u00faltim detall. Oferim assesorament, gesti\u00f3 i un servei \u00edntegre per a que t\u00fa disfrutis de la conducci\u00f3 sense preocupacions.<\/p>\n\n<div class=\"gb-container gb-container-9e92ffb4\">\n<div class=\"gb-grid-wrapper gb-grid-wrapper-ca8fabc6\">\n<div class=\"gb-grid-column gb-grid-column-3423e27e\"><div class=\"gb-container gb-container-3423e27e\">\n<div class=\"gb-headline gb-headline-711b6975\"><span class=\"gb-icon\"><svg aria-hidden=\"true\" role=\"img\" height=\"1em\" width=\"1em\" viewbox=\"0 0 448 512\" xmlns=\"http:\/\/www.w3.org\/2000\/svg\"><path fill=\"currentColor\" d=\"M323.56 51.2c-20.8 19.3-39.58 39.59-56.22 59.97C240.08 73.62 206.28 35.53 168 0 69.74 91.17 0 209.96 0 281.6 0 408.85 100.29 512 224 512s224-103.15 224-230.4c0-53.27-51.98-163.14-124.44-230.4zm-19.47 340.65C282.43 407.01 255.72 416 226.86 416 154.71 416 96 368.26 96 290.75c0-38.61 24.31-72.63 72.79-130.75 6.93 7.98 98.83 125.34 98.83 125.34l58.63-66.88c4.14 6.85 7.91 13.55 11.27 19.97 27.35 52.19 15.81 118.97-33.43 153.42z\"><\/path><\/svg><\/span><\/div>\n\n<div class=\"gb-container gb-container-4ea2fbf1\">\n<h3 class=\"gb-headline gb-headline-79589317 gb-headline-text\">Experi\u00e8ncia<\/h3>\n\n<p class=\"gb-headline gb-headline-d07d49cf gb-headline-text\">M\u00e9s de 30 anys en el sector de l'automoci\u00f3<\/p>\n<\/div>\n<\/div><\/div>\n\n<div class=\"gb-grid-column gb-grid-column-37db13f4\"><div class=\"gb-container gb-container-37db13f4\">\n<div class=\"gb-headline gb-headline-9e6b7dc8\"><span class=\"gb-icon\"><svg aria-hidden=\"true\" role=\"img\" height=\"1em\" width=\"1em\" viewbox=\"0 0 576 512\" xmlns=\"http:\/\/www.w3.org\/2000\/svg\"><path fill=\"currentColor\" d=\"M576 240c0-23.63-12.95-44.04-32-55.12V32.01C544 23.26 537.02 0 512 0c-7.12 0-14.19 2.38-19.98 7.02l-85.03 68.03C364.28 109.19 310.66 128 256 128H64c-35.35 0-64 28.65-64 64v96c0 35.35 28.65 64 64 64h33.7c-1.39 10.48-2.18 21.14-2.18 32 0 39.77 9.26 77.35 25.56 110.94 5.19 10.69 16.52 17.06 28.4 17.06h74.28c26.05 0 41.69-29.84 25.9-50.56-16.4-21.52-26.15-48.36-26.15-77.44 0-11.11 1.62-21.79 4.41-32H256c54.66 0 108.28 18.81 150.98 52.95l85.03 68.03a32.023 32.023 0 0 0 19.98 7.02c24.92 0 32-22.78 32-32V295.13C563.05 284.04 576 263.63 576 240zm-96 141.42l-33.05-26.44C392.95 311.78 325.12 288 256 288v-96c69.12 0 136.95-23.78 190.95-66.98L480 98.58v282.84z\"><\/path><\/svg><\/span><\/div>\n\n<div class=\"gb-container gb-container-30a98e1a\">\n<h3 class=\"gb-headline gb-headline-e1d3ceff gb-headline-text\">Atenci\u00f3 al client<\/h3>\n\n<p class=\"gb-headline gb-headline-912ec133 gb-headline-text\">Tracte personalitzat i assesorament professional adaptat a cada client<\/p>\n<\/div>\n<\/div><\/div>\n\n<div class=\"gb-grid-column gb-grid-column-8072e76b\"><div class=\"gb-container gb-container-8072e76b\">\n<div class=\"gb-headline gb-headline-abffadb8\"><span class=\"gb-icon\"><svg aria-hidden=\"true\" role=\"img\" height=\"1em\" width=\"1em\" viewbox=\"0 0 512 512\" xmlns=\"http:\/\/www.w3.org\/2000\/svg\"><path fill=\"currentColor\" d=\"M256 8C119 8 8 119 8 256s111 248 248 248 248-111 248-248S393 8 256 8zm0 448c-110.5 0-200-89.5-200-200S145.5 56 256 56s200 89.5 200 200-89.5 200-200 200zm61.8-104.4l-84.9-61.7c-3.1-2.3-4.9-5.9-4.9-9.7V116c0-6.6 5.4-12 12-12h32c6.6 0 12 5.4 12 12v141.7l66.8 48.6c5.4 3.9 6.5 11.4 2.6 16.8L334.6 349c-3.9 5.3-11.4 6.5-16.8 2.6z\"><\/path><\/svg><\/span><\/div>\n\n<div class=\"gb-container gb-container-eabf3753\">\n<h3 class=\"gb-headline gb-headline-0ad93116 gb-headline-text\">Estalvi de temps i costs<\/h3>\n\n<p class=\"gb-headline gb-headline-0e4cbc73 gb-headline-text\">M\u00e0xima professionalitat, agilitat i efic\u00e0cia amb la gesti\u00f3 de qualsevol tipus de tr\u00e0mit<\/p>\n<\/div>\n<\/div><\/div>\n\n<div class=\"gb-grid-column gb-grid-column-0bc9ddf8\"><div class=\"gb-container gb-container-0bc9ddf8\">\n<div class=\"gb-headline gb-headline-41988fca\"><span class=\"gb-icon\"><svg aria-hidden=\"true\" role=\"img\" height=\"1em\" width=\"1em\" viewbox=\"0 0 512 512\" xmlns=\"http:\/\/www.w3.org\/2000\/svg\"><path fill=\"currentColor\" d=\"M466.5 83.7l-192-80a48.15 48.15 0 0 0-36.9 0l-192 80C27.7 91.1 16 108.6 16 128c0 198.5 114.5 335.7 221.5 380.3 11.8 4.9 25.1 4.9 36.9 0C360.1 472.6 496 349.3 496 128c0-19.4-11.7-36.9-29.5-44.3zM256.1 446.3l-.1-381 175.9 73.3c-3.3 151.4-82.1 261.1-175.8 307.7z\"><\/path><\/svg><\/span><\/div>\n\n<div class=\"gb-container gb-container-4a1593e5\">\n<h3 class=\"gb-headline gb-headline-f300e849 gb-headline-text\">Cumpliment Legal<\/h3>\n\n<p class=\"gb-headline gb-headline-1f171057 gb-headline-text\">Garantim el compliment de totes les normatives i regulacions vigents<\/p>\n<\/div>\n<\/div><\/div>\n<\/div>\n<\/div>\n<\/div>\n<\/section><section class=\"gb-container gb-container-5f8c95fd\">\n<div class=\"gb-container gb-container-6bec2653\">\n<div class=\"gb-container gb-container-9af82321\">\n<p class=\"gb-headline gb-headline-3bc6c1a2\"><span class=\"gb-icon\"><svg aria-hidden=\"true\" role=\"img\" height=\"1em\" width=\"1em\" viewbox=\"0 0 384 512\" xmlns=\"http:\/\/www.w3.org\/2000\/svg\"><path fill=\"currentColor\" d=\"M97.12 362.63c-8.69-8.69-4.16-6.24-25.12-11.85-9.51-2.55-17.87-7.45-25.43-13.32L1.2 448.7c-4.39 10.77 3.81 22.47 15.43 22.03l52.69-2.01L105.56 507c8 8.44 22.04 5.81 26.43-4.96l52.05-127.62c-10.84 6.04-22.87 9.58-35.31 9.58-19.5 0-37.82-7.59-51.61-21.37zM382.8 448.7l-45.37-111.24c-7.56 5.88-15.92 10.77-25.43 13.32-21.07 5.64-16.45 3.18-25.12 11.85-13.79 13.78-32.12 21.37-51.62 21.37-12.44 0-24.47-3.55-35.31-9.58L252 502.04c4.39 10.77 18.44 13.4 26.43 4.96l36.25-38.28 52.69 2.01c11.62.44 19.82-11.27 15.43-22.03zM263 340c15.28-15.55 17.03-14.21 38.79-20.14 13.89-3.79 24.75-14.84 28.47-28.98 7.48-28.4 5.54-24.97 25.95-45.75 10.17-10.35 14.14-25.44 10.42-39.58-7.47-28.38-7.48-24.42 0-52.83 3.72-14.14-.25-29.23-10.42-39.58-20.41-20.78-18.47-17.36-25.95-45.75-3.72-14.14-14.58-25.19-28.47-28.98-27.88-7.61-24.52-5.62-44.95-26.41-10.17-10.35-25-14.4-38.89-10.61-27.87 7.6-23.98 7.61-51.9 0-13.89-3.79-28.72.25-38.89 10.61-20.41 20.78-17.05 18.8-44.94 26.41-13.89 3.79-24.75 14.84-28.47 28.98-7.47 28.39-5.54 24.97-25.95 45.75-10.17 10.35-14.15 25.44-10.42 39.58 7.47 28.36 7.48 24.4 0 52.82-3.72 14.14.25 29.23 10.42 39.59 20.41 20.78 18.47 17.35 25.95 45.75 3.72 14.14 14.58 25.19 28.47 28.98C104.6 325.96 106.27 325 121 340c13.23 13.47 33.84 15.88 49.74 5.82a39.676 39.676 0 0 1 42.53 0c15.89 10.06 36.5 7.65 49.73-5.82zM97.66 175.96c0-53.03 42.24-96.02 94.34-96.02s94.34 42.99 94.34 96.02-42.24 96.02-94.34 96.02-94.34-42.99-94.34-96.02z\"><\/path><\/svg><\/span><span class=\"gb-headline-text\"><\/span><\/p>\n\n<p class=\"gb-headline gb-headline-4e9e9a73 gb-headline-text\">+30 anys d'experi\u00e8ncia<\/p>\n<\/div>\n\n<div class=\"gb-container gb-container-3df45fd3\">\n<p class=\"gb-headline gb-headline-e180e10d\"><span class=\"gb-icon\"><svg aria-hidden=\"true\" role=\"img\" height=\"1em\" width=\"1em\" viewbox=\"0 0 512 512\" xmlns=\"http:\/\/www.w3.org\/2000\/svg\"><path fill=\"currentColor\" d=\"M466.5 83.7l-192-80a48.15 48.15 0 0 0-36.9 0l-192 80C27.7 91.1 16 108.6 16 128c0 198.5 114.5 335.7 221.5 380.3 11.8 4.9 25.1 4.9 36.9 0C360.1 472.6 496 349.3 496 128c0-19.4-11.7-36.9-29.5-44.3zM256.1 446.3l-.1-381 175.9 73.3c-3.3 151.4-82.1 261.1-175.8 307.7z\"><\/path><\/svg><\/span><span class=\"gb-headline-text\"><\/span><\/p>\n\n<p class=\"gb-headline gb-headline-f3c8ada6 gb-headline-text\">Tranquilitat legal<\/p>\n<\/div>\n\n<div class=\"gb-container gb-container-5e0b6b29\">\n<p class=\"gb-headline gb-headline-69b8e88d\"><span class=\"gb-icon\"><svg aria-hidden=\"true\" role=\"img\" height=\"1em\" width=\"1em\" viewbox=\"0 0 320 512\" xmlns=\"http:\/\/www.w3.org\/2000\/svg\"><path fill=\"currentColor\" d=\"M296 160H180.6l42.6-129.8C227.2 15 215.7 0 200 0H56C44 0 33.8 8.9 32.2 20.8l-32 240C-1.7 275.2 9.5 288 24 288h118.7L96.6 482.5c-3.6 15.2 8 29.5 23.3 29.5 8.4 0 16.4-4.4 20.8-12l176-304c9.3-15.9-2.2-36-20.7-36z\"><\/path><\/svg><\/span><span class=\"gb-headline-text\"><\/span><\/p>\n\n<p class=\"gb-headline gb-headline-909a7255 gb-headline-text\">Resoluci\u00f3 immediata<\/p>\n<\/div>\n\n<div class=\"gb-container gb-container-f9e14877\">\n<p class=\"gb-headline gb-headline-b32e0556\"><span class=\"gb-icon\"><svg aria-hidden=\"true\" role=\"img\" height=\"1em\" width=\"1em\" viewbox=\"0 0 512 512\" xmlns=\"http:\/\/www.w3.org\/2000\/svg\"><path fill=\"currentColor\" d=\"M462.3 62.6C407.5 15.9 326 24.3 275.7 76.2L256 96.5l-19.7-20.3C186.1 24.3 104.5 15.9 49.7 62.6c-62.8 53.6-66.1 149.8-9.9 207.9l193.5 199.8c12.5 12.9 32.8 12.9 45.3 0l193.5-199.8c56.3-58.1 53-154.3-9.8-207.9z\"><\/path><\/svg><\/span><span class=\"gb-headline-text\"><\/span><\/p>\n\n<p class=\"gb-headline gb-headline-5b03f804 gb-headline-text\">Comprom\u00eds amb el client<\/p>\n<\/div>\n<\/div>\n<\/section>","protected":false},"excerpt":{"rendered":"<p>gestoria hurtado Tu veh\u00edculo, en las mejores manos Ubicados en la Catalu\u00f1a Central (Manresa), somos gestores de tr\u00e1fico titulados, especializados en tr\u00e1mites veh\u00edculares de la Jefatura Oficial de Tr\u00e1fico (DGT). Con m\u00e1s de 30 a\u00f1os de experiencia en el sector, garantizamos un servicio personalizado y eficiente, y lo m\u00e1s importante, asegur\u00e1ndonos que todo se realize &#8230; <a title=\"Empresa\" class=\"read-more\" href=\"https:\/\/gestoriahurtado.cat\/ca\/empresa\/\" aria-label=\"M\u00e9s informaci\u00f3 sobre Empresa\">Llegiu m\u00e9s<\/a><\/p>","protected":false},"author":168444366,"featured_media":0,"parent":0,"menu_order":0,"comment_status":"closed","ping_status":"closed","template":"","meta":{"footnotes":""},"class_list":["post-157","page","type-page","status-publish"],"_links":{"self":[{"href":"https:\/\/gestoriahurtado.cat\/ca\/wp-json\/wp\/v2\/pages\/157","targetHints":{"allow":["GET"]}}],"collection":[{"href":"https:\/\/gestoriahurtado.cat\/ca\/wp-json\/wp\/v2\/pages"}],"about":[{"href":"https:\/\/gestoriahurtado.cat\/ca\/wp-json\/wp\/v2\/types\/page"}],"author":[{"embeddable":true,"href":"https:\/\/gestoriahurtado.cat\/ca\/wp-json\/wp\/v2\/users\/168444366"}],"replies":[{"embeddable":true,"href":"https:\/\/gestoriahurtado.cat\/ca\/wp-json\/wp\/v2\/comments?post=157"}],"version-history":[{"count":37,"href":"https:\/\/gestoriahurtado.cat\/ca\/wp-json\/wp\/v2\/pages\/157\/revisions"}],"predecessor-version":[{"id":5543,"href":"https:\/\/gestoriahurtado.cat\/ca\/wp-json\/wp\/v2\/pages\/157\/revisions\/5543"}],"wp:attachment":[{"href":"https:\/\/gestoriahurtado.cat\/ca\/wp-json\/wp\/v2\/media?parent=157"}],"curies":[{"name":"wp","href":"https:\/\/api.w.org\/{rel}","templated":true}]}}